{"id":4845,"date":"2025-10-11T08:27:26","date_gmt":"2025-10-11T07:27:26","guid":{"rendered":"https:\/\/www.slatin.pro\/?page_id=4845"},"modified":"2025-10-11T08:41:18","modified_gmt":"2025-10-11T07:41:18","slug":"terms","status":"publish","type":"page","link":"https:\/\/www.slatin.pro\/es\/terms\/","title":{"rendered":"T\u00e9rminos y Condiciones"},"content":{"rendered":"<p class=\"ai-optimize-8 ai-optimize-introduction\">\n\t\t<div id=\"fws_69e342d206d97\"  data-column-margin=\"default\" data-midnight=\"dark\"  class=\"wpb_row vc_row-fluid vc_row\"  style=\"padding-top: 0px; padding-bottom: 0px; \"><div class=\"row-bg-wrap\" data-bg-animation=\"none\" data-bg-animation-delay=\"\" data-bg-overlay=\"false\"><div class=\"inner-wrap row-bg-layer\" ><div class=\"row-bg viewport-desktop\"  style=\"\"><\/div><\/div><\/div><div class=\"row_col_wrap_12 col span_12 dark left\">\n\t<div  class=\"vc_col-sm-2 wpb_column column_container vc_column_container col no-extra-padding inherit_tablet inherit_phone\"  data-padding-pos=\"all\" data-has-bg-color=\"false\" data-bg-color=\"\" data-bg-opacity=\"1\" data-animation=\"\" data-delay=\"0\" >\n\t\t<div class=\"vc_column-inner\" >\n\t\t\t<div class=\"wpb_wrapper\">\n\t\t\t\t\n\t\t\t<\/div> \n\t\t<\/div>\n\t<\/div> \n\n\t<div  class=\"vc_col-sm-8 wpb_column column_container vc_column_container col no-extra-padding inherit_tablet inherit_phone\"  data-padding-pos=\"all\" data-has-bg-color=\"false\" data-bg-color=\"\" data-bg-opacity=\"1\" data-animation=\"\" data-delay=\"0\" >\n\t\t<div class=\"vc_column-inner\" >\n\t\t\t<div class=\"wpb_wrapper\">\n\t\t\t\t\n<div class=\"wpb_text_column wpb_content_element\" >\n\t<div class=\"wpb_wrapper\">\n\t\t<h2 class=\"ai-optimize-25\" data-start=\"142\" data-end=\"205\"><strong data-start=\"145\" data-end=\"205\">T\u00e9rminos y Condiciones \u2013 Servicios de Mezcla y Mastering<\/strong><\/h2>\n<p>&nbsp;<\/p>\n<p class=\"ai-optimize-26\" data-start=\"207\" data-end=\"531\"><strong data-start=\"207\" data-end=\"228\">1. Reserva y pago<\/strong><br data-start=\"228\" data-end=\"231\" \/>Para reservar una sesi\u00f3n de mezcla o mastering es necesario realizar el <strong data-start=\"303\" data-end=\"335\">pago completo por adelantado<\/strong>.<br data-start=\"336\" data-end=\"339\" \/>El abono del servicio garantiza la reserva del tiempo de estudio y el inicio del trabajo t\u00e9cnico. No se considerar\u00e1 confirmada ninguna sesi\u00f3n hasta que el pago haya sido recibido y verificado.<\/p>\n<p class=\"ai-optimize-27\" data-start=\"533\" data-end=\"839\"><strong data-start=\"533\" data-end=\"563\">2. Naturaleza del servicio<\/strong><br data-start=\"563\" data-end=\"566\" \/>El mastering y la mezcla son procesos <strong data-start=\"604\" data-end=\"644\">t\u00e9cnicos y art\u00edsticos personalizados<\/strong>, adaptados espec\u00edficamente al material sonoro y a las indicaciones de cada cliente\/a.<br data-start=\"730\" data-end=\"733\" \/>Cada trabajo se realiza de forma individualizada y \u00fanica, sobre las pistas y especificaciones facilitadas.<\/p>\n<p class=\"ai-optimize-28\" data-start=\"841\" data-end=\"1200\"><strong data-start=\"841\" data-end=\"868\">3. Entrega del material<\/strong><br data-start=\"868\" data-end=\"871\" \/>El\/la cliente\/a es responsable de entregar los archivos de audio en las condiciones t\u00e9cnicas requeridas (formato, resoluci\u00f3n, sincron\u00eda, etc.).<br data-start=\"1014\" data-end=\"1017\" \/>Cualquier error o deficiencia en los archivos enviados puede afectar el resultado final.<\/p>\n<p class=\"ai-optimize-29\" data-start=\"1202\" data-end=\"1501\"><strong data-start=\"1202\" data-end=\"1219\">4. Revisiones<\/strong><br data-start=\"1219\" data-end=\"1222\" \/>Salvo acuerdo distinto, el servicio incluye una (1) ronda de revisiones menores sin coste adicional. Revisiones adicionales podr\u00e1n tener un coste extra seg\u00fan la tarifa vigente.<br data-start=\"1398\" data-end=\"1401\" \/>Las revisiones deben solicitarse en un plazo m\u00e1ximo de 7 d\u00edas naturales tras la entrega del trabajo.<\/p>\n<p class=\"ai-optimize-30\" data-start=\"1503\" data-end=\"1733\"><strong data-start=\"1503\" data-end=\"1534\">5. Pol\u00edtica de devoluciones<\/strong><br data-start=\"1534\" data-end=\"1537\" \/>Debido a la naturaleza del servicio <strong>(intangible, personalizado y de car\u00e1cter art\u00edstico y t\u00e9cnico)<\/strong>, <strong data-start=\"1640\" data-end=\"1730\">no se aceptan devoluciones ni reembolsos una vez entregado el mastering o mezcla final<\/strong>.<\/p>\n<p class=\"ai-optimize-31\" data-start=\"1735\" data-end=\"2117\">El hecho de que el resultado <strong data-start=\"1764\" data-end=\"1845\">no coincida con las expectativas subjetivas o gustos personales del cliente\/a<\/strong> no se considera un incumplimiento ni una causa v\u00e1lida de reembolso.<br data-start=\"1913\" data-end=\"1916\" \/>El estudio se compromete a realizar el trabajo con profesionalidad, siguiendo las indicaciones t\u00e9cnicas y creativas facilitadas por el\/la cliente\/a, y aplicando su criterio y experiencia profesional.<\/p>\n<p class=\"ai-optimize-32\" data-start=\"2119\" data-end=\"2195\">Solo se aceptar\u00e1n reclamaciones en los siguientes supuestos excepcionales:<\/p>\n<ul data-start=\"2196\" data-end=\"2453\">\n<li class=\"ai-optimize-33\" data-start=\"2196\" data-end=\"2351\">\n<p class=\"ai-optimize-34\" data-start=\"2198\" data-end=\"2351\"><strong data-start=\"2198\" data-end=\"2230\">Fallos t\u00e9cnicos comprobables<\/strong> en el archivo final (por ejemplo: clics, saltos, ruidos o defectos objetivos y tangibles).<\/p>\n<\/li>\n<li class=\"ai-optimize-35\" data-start=\"2352\" data-end=\"2453\">\n<p class=\"ai-optimize-36\" data-start=\"2354\" data-end=\"2453\"><strong data-start=\"2354\" data-end=\"2383\">Incumplimiento manifiesto<\/strong> de las especificaciones t\u00e9cnicas (por ejemplo: errores de formato en el archivo de entrega) acordadas previamente por escrito.<\/p>\n<\/li>\n<\/ul>\n<p class=\"ai-optimize-37\" data-start=\"2455\" data-end=\"2693\">En tales casos, el estudio ofrecer\u00e1 la <strong data-start=\"2494\" data-end=\"2527\">correcci\u00f3n gratuita del error<\/strong>. Si no fuera t\u00e9cnicamente posible resolverlo, se valorar\u00e1 una compensaci\u00f3n proporcional.<br data-start=\"2616\" data-end=\"2619\" \/>Fuera de estos supuestos, el servicio se considera correctamente prestado.<\/p>\n<p class=\"ai-optimize-38\" data-start=\"2695\" data-end=\"3114\"><strong data-start=\"2695\" data-end=\"2726\">6. Derecho de desistimiento<\/strong><br data-start=\"2726\" data-end=\"2729\" \/>Seg\u00fan la <strong data-start=\"2738\" data-end=\"2834\">Ley General para la Defensa de los Consumidores y Usuarios (Real Decreto Legislativo 1\/2007)<\/strong>, el derecho de desistimiento <strong data-start=\"2864\" data-end=\"2877\">no aplica<\/strong> a servicios que se hayan completado y que sean personalizados o realizados conforme a las especificaciones del cliente\/a.<br data-start=\"2999\" data-end=\"3002\" \/>Por tanto, una vez iniciado el trabajo y entregado el resultado acordado, <strong data-start=\"3076\" data-end=\"3113\">no existir\u00e1 derecho de devoluci\u00f3n<\/strong>.<\/p>\n<p class=\"ai-optimize-39\" data-start=\"3116\" data-end=\"3383\"><strong data-start=\"3116\" data-end=\"3163\">7. Propiedad intelectual y uso del material<\/strong><br data-start=\"3163\" data-end=\"3166\" \/>El\/la cliente\/a conserva todos los derechos sobre sus obras originales. El estudio se reserva el derecho de conservar copias con fines de archivo o promoci\u00f3n, \u00fanicamente previo consentimiento expreso del\/la cliente\/a.<\/p>\n<p class=\"ai-optimize-9\">\n\t<\/div>\n<\/div>\n\n\n\n\n\t\t\t<\/div> \n\t\t<\/div>\n\t<\/div> \n\n\t<div  class=\"vc_col-sm-2 wpb_column column_container vc_column_container col no-extra-padding inherit_tablet inherit_phone\"  data-padding-pos=\"all\" data-has-bg-color=\"false\" data-bg-color=\"\" data-bg-opacity=\"1\" data-animation=\"\" data-delay=\"0\" >\n\t\t<div class=\"vc_column-inner\" >\n\t\t\t<div class=\"wpb_wrapper\">\n\t\t\t\t\n\t\t\t<\/div> \n\t\t<\/div>\n\t<\/div> \n<\/div><\/div>","protected":false},"excerpt":{"rendered":"T\u00e9rminos y Condiciones \u2013 Servicios de Mezcla y Mastering &nbsp; 1. Reserva y pagoPara reservar una sesi\u00f3n de mezcla o mastering es necesario realizar el pago completo por adelantado.El abono...","protected":false},"author":1,"featured_media":0,"parent":0,"menu_order":0,"comment_status":"closed","ping_status":"closed","template":"","meta":{"_mi_skip_tracking":false,"footnotes":""},"class_list":["post-4845","page","type-page","status-publish"],"yoast_head":"<!-- This site is optimized with the Yoast SEO Premium plugin v25.3 (Yoast SEO v25.3) - https:\/\/yoast.com\/wordpress\/plugins\/seo\/ -->\n<title>T\u00e9rminos y Condiciones - SLATIN.PRO - Premium Stem Mastering<\/title>\n<meta name=\"robots\" content=\"noindex, follow\" \/>\n<meta property=\"og:locale\" content=\"es_ES\" \/>\n<meta property=\"og:type\" content=\"article\" \/>\n<meta property=\"og:title\" content=\"T\u00e9rminos y Condiciones\" \/>\n<meta property=\"og:url\" content=\"https:\/\/www.slatin.pro\/es\/terms\/\" \/>\n<meta property=\"og:site_name\" content=\"SLATIN.PRO - Premium Stem Mastering\" \/>\n<meta property=\"article:publisher\" content=\"https:\/\/www.facebook.com\/people\/slatinpro\/100092043981300\/\" \/>\n<meta property=\"article:modified_time\" content=\"2025-10-11T07:41:18+00:00\" \/>\n<meta property=\"og:image\" content=\"https:\/\/www.slatin.pro\/wp-content\/uploads\/2024\/01\/slatinproog.jpg\" \/>\n\t<meta property=\"og:image:width\" content=\"2236\" \/>\n\t<meta property=\"og:image:height\" content=\"1304\" \/>\n\t<meta property=\"og:image:type\" content=\"image\/jpeg\" \/>\n<meta name=\"twitter:label1\" content=\"Tiempo de lectura\" \/>\n\t<meta name=\"twitter:data1\" content=\"3 minutos\" \/>\n<script type=\"application\/ld+json\" class=\"yoast-schema-graph\">{\"@context\":\"https:\/\/schema.org\",\"@graph\":[{\"@type\":\"WebPage\",\"@id\":\"https:\/\/www.slatin.pro\/terms\/\",\"url\":\"https:\/\/www.slatin.pro\/terms\/\",\"name\":\"T\u00e9rminos y Condiciones - SLATIN.PRO - Premium Stem Mastering\",\"isPartOf\":{\"@id\":\"https:\/\/www.slatin.pro\/#website\"},\"datePublished\":\"2025-10-11T07:27:26+00:00\",\"dateModified\":\"2025-10-11T07:41:18+00:00\",\"breadcrumb\":{\"@id\":\"https:\/\/www.slatin.pro\/terms\/#breadcrumb\"},\"inLanguage\":\"es\",\"potentialAction\":[{\"@type\":\"ReadAction\",\"target\":[\"https:\/\/www.slatin.pro\/terms\/\"]}]},{\"@type\":\"BreadcrumbList\",\"@id\":\"https:\/\/www.slatin.pro\/terms\/#breadcrumb\",\"itemListElement\":[{\"@type\":\"ListItem\",\"position\":1,\"name\":\"Home\",\"item\":\"https:\/\/www.slatin.pro\/\"},{\"@type\":\"ListItem\",\"position\":2,\"name\":\"T\u00e9rminos y Condiciones\"}]},{\"@type\":\"WebSite\",\"@id\":\"https:\/\/www.slatin.pro\/#website\",\"url\":\"https:\/\/www.slatin.pro\/\",\"name\":\"SLATIN.PRO - Premium Stem Mastering\",\"description\":\"Unleash the full potential of your music. Trusted by +1000 clients. Award-winning Mastering Studio run my Ruslan Slatin.\",\"publisher\":{\"@id\":\"https:\/\/www.slatin.pro\/#organization\"},\"alternateName\":\"Premium Mastering Online\",\"potentialAction\":[{\"@type\":\"SearchAction\",\"target\":{\"@type\":\"EntryPoint\",\"urlTemplate\":\"https:\/\/www.slatin.pro\/?s={search_term_string}\"},\"query-input\":{\"@type\":\"PropertyValueSpecification\",\"valueRequired\":true,\"valueName\":\"search_term_string\"}}],\"inLanguage\":\"es\"},{\"@type\":\"Organization\",\"@id\":\"https:\/\/www.slatin.pro\/#organization\",\"name\":\"SLATIN.PRO - Premium Stem Mastering\",\"url\":\"https:\/\/www.slatin.pro\/\",\"logo\":{\"@type\":\"ImageObject\",\"inLanguage\":\"es\",\"@id\":\"https:\/\/www.slatin.pro\/#\/schema\/logo\/image\/\",\"url\":\"https:\/\/www.slatin.pro\/wp-content\/uploads\/2023\/02\/cropped-icon.png\",\"contentUrl\":\"https:\/\/www.slatin.pro\/wp-content\/uploads\/2023\/02\/cropped-icon.png\",\"width\":512,\"height\":512,\"caption\":\"SLATIN.PRO - Premium Stem Mastering\"},\"image\":{\"@id\":\"https:\/\/www.slatin.pro\/#\/schema\/logo\/image\/\"},\"sameAs\":[\"https:\/\/www.facebook.com\/people\/slatinpro\/100092043981300\/\",\"https:\/\/x.com\/slatinize\",\"https:\/\/www.instagram.com\/slatin.pro\/\"]}]}<\/script>\n<!-- \/ Yoast SEO Premium plugin. -->","yoast_head_json":{"title":"T\u00e9rminos y Condiciones - SLATIN.PRO - Premium Stem Mastering","robots":{"index":"noindex","follow":"follow"},"og_locale":"es_ES","og_type":"article","og_title":"T\u00e9rminos y Condiciones","og_url":"https:\/\/www.slatin.pro\/es\/terms\/","og_site_name":"SLATIN.PRO - Premium Stem Mastering","article_publisher":"https:\/\/www.facebook.com\/people\/slatinpro\/100092043981300\/","article_modified_time":"2025-10-11T07:41:18+00:00","og_image":[{"width":2236,"height":1304,"url":"https:\/\/www.slatin.pro\/wp-content\/uploads\/2024\/01\/slatinproog.jpg","type":"image\/jpeg"}],"twitter_misc":{"Tiempo de lectura":"3 minutos"},"schema":{"@context":"https:\/\/schema.org","@graph":[{"@type":"WebPage","@id":"https:\/\/www.slatin.pro\/terms\/","url":"https:\/\/www.slatin.pro\/terms\/","name":"T\u00e9rminos y Condiciones - SLATIN.PRO - Premium Stem Mastering","isPartOf":{"@id":"https:\/\/www.slatin.pro\/#website"},"datePublished":"2025-10-11T07:27:26+00:00","dateModified":"2025-10-11T07:41:18+00:00","breadcrumb":{"@id":"https:\/\/www.slatin.pro\/terms\/#breadcrumb"},"inLanguage":"es","potentialAction":[{"@type":"ReadAction","target":["https:\/\/www.slatin.pro\/terms\/"]}]},{"@type":"BreadcrumbList","@id":"https:\/\/www.slatin.pro\/terms\/#breadcrumb","itemListElement":[{"@type":"ListItem","position":1,"name":"Home","item":"https:\/\/www.slatin.pro\/"},{"@type":"ListItem","position":2,"name":"T\u00e9rminos y Condiciones"}]},{"@type":"WebSite","@id":"https:\/\/www.slatin.pro\/#website","url":"https:\/\/www.slatin.pro\/","name":"SLATIN.PRO - Premium Stem Mastering","description":"Unleash the full potential of your music. Trusted by +1000 clients. Award-winning Mastering Studio run my Ruslan Slatin.","publisher":{"@id":"https:\/\/www.slatin.pro\/#organization"},"alternateName":"Premium Mastering Online","potentialAction":[{"@type":"SearchAction","target":{"@type":"EntryPoint","urlTemplate":"https:\/\/www.slatin.pro\/?s={search_term_string}"},"query-input":{"@type":"PropertyValueSpecification","valueRequired":true,"valueName":"search_term_string"}}],"inLanguage":"es"},{"@type":"Organization","@id":"https:\/\/www.slatin.pro\/#organization","name":"SLATIN.PRO - Premium Stem Mastering","url":"https:\/\/www.slatin.pro\/","logo":{"@type":"ImageObject","inLanguage":"es","@id":"https:\/\/www.slatin.pro\/#\/schema\/logo\/image\/","url":"https:\/\/www.slatin.pro\/wp-content\/uploads\/2023\/02\/cropped-icon.png","contentUrl":"https:\/\/www.slatin.pro\/wp-content\/uploads\/2023\/02\/cropped-icon.png","width":512,"height":512,"caption":"SLATIN.PRO - Premium Stem Mastering"},"image":{"@id":"https:\/\/www.slatin.pro\/#\/schema\/logo\/image\/"},"sameAs":["https:\/\/www.facebook.com\/people\/slatinpro\/100092043981300\/","https:\/\/x.com\/slatinize","https:\/\/www.instagram.com\/slatin.pro\/"]}]}},"_links":{"self":[{"href":"https:\/\/www.slatin.pro\/es\/wp-json\/wp\/v2\/pages\/4845"}],"collection":[{"href":"https:\/\/www.slatin.pro\/es\/wp-json\/wp\/v2\/pages"}],"about":[{"href":"https:\/\/www.slatin.pro\/es\/wp-json\/wp\/v2\/types\/page"}],"author":[{"embeddable":true,"href":"https:\/\/www.slatin.pro\/es\/wp-json\/wp\/v2\/users\/1"}],"replies":[{"embeddable":true,"href":"https:\/\/www.slatin.pro\/es\/wp-json\/wp\/v2\/comments?post=4845"}],"version-history":[{"count":6,"href":"https:\/\/www.slatin.pro\/es\/wp-json\/wp\/v2\/pages\/4845\/revisions"}],"predecessor-version":[{"id":4853,"href":"https:\/\/www.slatin.pro\/es\/wp-json\/wp\/v2\/pages\/4845\/revisions\/4853"}],"wp:attachment":[{"href":"https:\/\/www.slatin.pro\/es\/wp-json\/wp\/v2\/media?parent=4845"}],"curies":[{"name":"wp","href":"https:\/\/api.w.org\/{rel}","templated":true}]}}